{"id":1315,"date":"2026-01-31T17:51:50","date_gmt":"2026-01-31T17:51:50","guid":{"rendered":"https:\/\/loveforasia.org\/en\/?page_id=1315"},"modified":"2026-01-31T17:51:50","modified_gmt":"2026-01-31T17:51:50","slug":"","status":"publish","type":"page","link":"https:\/\/loveforasia.org\/zh\/legal-use-notice\/","title":{"rendered":"\u6cd5\u5f8b\u58f0\u660e \/ \u4f7f\u7528\u8bf4\u660e","raw":"\u6cd5\u5f8b\u58f0\u660e \/ \u4f7f\u7528\u8bf4\u660e"},"content":{"rendered":"\n<p>\u672c\u7f51\u7ad9\u662f\u4e00\u4e2a\u79c1\u4eba\u3001\u975e\u5546\u4e1a\u6027\u8d28\u7684\u9879\u76ee\uff0c\u7531\u4e24\u540d\u4e2a\u4eba\u5171\u540c\u7ef4\u62a4\uff0c\u5e76\u975e\u4efb\u4f55\u6ce8\u518c\u7ec4\u7ec7\u3001\u6559\u4f1a\u6216\u673a\u6784\u3002<\/p>\n\n\n\n<p>\u672c\u7f51\u7ad9\u6240\u53d1\u5e03\u7684\u5185\u5bb9\u53cd\u6620\u4e86\u4e24\u4f4d\u5973\u6027\u4e4b\u95f4\u7684\u4e2a\u4eba\u4ea4\u6d41\u2014\u2014\u4e00\u4f4d\u5c45\u4f4f\u5728\u667a\u5229\uff0c\u53e6\u4e00\u4f4d\u5c45\u4f4f\u5728\u4e2d\u534e\u4eba\u6c11\u5171\u548c\u56fd\u3002\u5979\u4eec\u5728\u4e2a\u4eba\u4ea4\u6d41\u7684\u80cc\u666f\u4e0b\uff0c\u5206\u4eab\u5e76\u8ba8\u8bba\u5723\u7ecf\u6587\u672c\u53ca\u76f8\u5173\u7684\u6587\u5316\u89c6\u89d2\u3002<\/p>\n\n\n\n<p>\u672c\u7f51\u7ad9\u5185\u5bb9\u4ec5\u7528\u4e8e\u4e00\u822c\u6027\u7684\u4fe1\u606f\u548c\u6587\u5316\u4ea4\u6d41\u76ee\u7684\uff0c\u4e0d\u6784\u6210\u53c2\u4e0e\u4efb\u4f55\u5b97\u6559\u6d3b\u52a8\u7684\u9080\u8bf7\uff0c\u4e5f\u4e0d\u65e8\u5728\u8fdb\u884c\u5b97\u6559\u4f20\u6559\u6216\u5b97\u6559\u6559\u80b2\u3002<\/p>\n\n\n\n<p>\u672c\u7f51\u7ad9\u5e76\u975e\u6709\u610f\u9762\u5411\u90a3\u4e9b\u5728\u6cd5\u5f8b\u4e0a\u5bf9\u5b97\u6559\u5185\u5bb9\u7684\u83b7\u53d6\u6216\u4f20\u64ad\u5b58\u5728\u9650\u5236\u7684\u56fd\u5bb6\u6216\u5730\u533a\u7684\u7528\u6237\u3002\u7528\u6237\u6709\u8d23\u4efb\u81ea\u884c\u786e\u8ba4\uff0c\u5728\u5176\u6240\u5728\u5730\u533a\u8bbf\u95ee\u672c\u7f51\u7ad9\u5185\u5bb9\u662f\u5426\u7b26\u5408\u6cd5\u5f8b\u89c4\u5b9a\u5e76\u4e14\u662f\u5b89\u5168\u7684\u3002<\/p>\n\n\n\n<p>\u6211\u4eec\u4e0d\u9f13\u52b1\u3001\u4e5f\u4e0d\u8981\u6c42\u4efb\u4f55\u4eba\u8fdd\u53cd\u5176\u6240\u5728\u5730\u7684\u6cd5\u5f8b\u6216\u76f8\u5173\u89c4\u5b9a\u3002\u5982\u679c\u5728\u60a8\u6240\u5728\u7684\u56fd\u5bb6\u6216\u5730\u533a\uff0c\u8bbf\u95ee\u5b97\u6559\u5185\u5bb9\u53ef\u80fd\u53d7\u5230\u9650\u5236\uff0c\u6216\u53ef\u80fd\u7ed9\u60a8\u5e26\u6765\u4e2a\u4eba\u3001\u6cd5\u5f8b\u6216\u5176\u4ed6\u65b9\u9762\u7684\u98ce\u9669\uff0c\u6211\u4eec\u5f3a\u70c8\u5efa\u8bae\u60a8\u505c\u6b62\u4f7f\u7528\u672c\u7f51\u7ad9\u3002<\/p>\n","protected":false,"raw":"<!-- wp:paragraph -->\n<p>\u672c\u7f51\u7ad9\u662f\u4e00\u4e2a\u79c1\u4eba\u3001\u975e\u5546\u4e1a\u6027\u8d28\u7684\u9879\u76ee\uff0c\u7531\u4e24\u540d\u4e2a\u4eba\u5171\u540c\u7ef4\u62a4\uff0c\u5e76\u975e\u4efb\u4f55\u6ce8\u518c\u7ec4\u7ec7\u3001\u6559\u4f1a\u6216\u673a\u6784\u3002<\/p>\n<!-- \/wp:paragraph -->\n\n<!-- wp:paragraph -->\n<p>\u672c\u7f51\u7ad9\u6240\u53d1\u5e03\u7684\u5185\u5bb9\u53cd\u6620\u4e86\u4e24\u4f4d\u5973\u6027\u4e4b\u95f4\u7684\u4e2a\u4eba\u4ea4\u6d41\u2014\u2014\u4e00\u4f4d\u5c45\u4f4f\u5728\u667a\u5229\uff0c\u53e6\u4e00\u4f4d\u5c45\u4f4f\u5728\u4e2d\u534e\u4eba\u6c11\u5171\u548c\u56fd\u3002\u5979\u4eec\u5728\u4e2a\u4eba\u4ea4\u6d41\u7684\u80cc\u666f\u4e0b\uff0c\u5206\u4eab\u5e76\u8ba8\u8bba\u5723\u7ecf\u6587\u672c\u53ca\u76f8\u5173\u7684\u6587\u5316\u89c6\u89d2\u3002<\/p>\n<!-- \/wp:paragraph -->\n\n<!-- wp:paragraph -->\n<p>\u672c\u7f51\u7ad9\u5185\u5bb9\u4ec5\u7528\u4e8e\u4e00\u822c\u6027\u7684\u4fe1\u606f\u548c\u6587\u5316\u4ea4\u6d41\u76ee\u7684\uff0c\u4e0d\u6784\u6210\u53c2\u4e0e\u4efb\u4f55\u5b97\u6559\u6d3b\u52a8\u7684\u9080\u8bf7\uff0c\u4e5f\u4e0d\u65e8\u5728\u8fdb\u884c\u5b97\u6559\u4f20\u6559\u6216\u5b97\u6559\u6559\u80b2\u3002<\/p>\n<!-- \/wp:paragraph -->\n\n<!-- wp:paragraph -->\n<p>\u672c\u7f51\u7ad9\u5e76\u975e\u6709\u610f\u9762\u5411\u90a3\u4e9b\u5728\u6cd5\u5f8b\u4e0a\u5bf9\u5b97\u6559\u5185\u5bb9\u7684\u83b7\u53d6\u6216\u4f20\u64ad\u5b58\u5728\u9650\u5236\u7684\u56fd\u5bb6\u6216\u5730\u533a\u7684\u7528\u6237\u3002\u7528\u6237\u6709\u8d23\u4efb\u81ea\u884c\u786e\u8ba4\uff0c\u5728\u5176\u6240\u5728\u5730\u533a\u8bbf\u95ee\u672c\u7f51\u7ad9\u5185\u5bb9\u662f\u5426\u7b26\u5408\u6cd5\u5f8b\u89c4\u5b9a\u5e76\u4e14\u662f\u5b89\u5168\u7684\u3002<\/p>\n<!-- \/wp:paragraph -->\n\n<!-- wp:paragraph -->\n<p>\u6211\u4eec\u4e0d\u9f13\u52b1\u3001\u4e5f\u4e0d\u8981\u6c42\u4efb\u4f55\u4eba\u8fdd\u53cd\u5176\u6240\u5728\u5730\u7684\u6cd5\u5f8b\u6216\u76f8\u5173\u89c4\u5b9a\u3002\u5982\u679c\u5728\u60a8\u6240\u5728\u7684\u56fd\u5bb6\u6216\u5730\u533a\uff0c\u8bbf\u95ee\u5b97\u6559\u5185\u5bb9\u53ef\u80fd\u53d7\u5230\u9650\u5236\uff0c\u6216\u53ef\u80fd\u7ed9\u60a8\u5e26\u6765\u4e2a\u4eba\u3001\u6cd5\u5f8b\u6216\u5176\u4ed6\u65b9\u9762\u7684\u98ce\u9669\uff0c\u6211\u4eec\u5f3a\u70c8\u5efa\u8bae\u60a8\u505c\u6b62\u4f7f\u7528\u672c\u7f51\u7ad9\u3002<\/p>\n<!-- \/wp:paragraph -->"},"excerpt":{"rendered":"","protected":false,"raw":""},"author":1,"featured_media":0,"parent":0,"menu_order":0,"comment_status":"closed","ping_status":"closed","template":"","meta":{"_en_post_content":"<!-- wp:paragraph -->\n<p>This website is a private, non-commercial project operated by two individuals, not by a registered organization, church, or institution.<\/p>\n<!-- \/wp:paragraph -->\n\n<!-- wp:quote -->\n<blockquote class=\"wp-block-quote\"><!-- wp:paragraph -->\n<p>The content published here reflects personal conversations between two women\u2014one based in Chile and one based in the People\u2019s Republic of China\u2014who share and discuss biblical texts and related cultural perspectives as part of a personal exchange.<\/p>\n<!-- \/wp:paragraph -->\n\n<!-- wp:paragraph -->\n<p>The content is provided for general informational and cultural purposes only. It does not constitute an invitation to participate in religious activities, nor is it intended as missionary outreach or religious instruction.<\/p>\n<!-- \/wp:paragraph -->\n\n<!-- wp:paragraph -->\n<p>This website is not specifically directed at users in countries or regions where access to religious content is restricted by law. Users are solely responsible for determining whether accessing such content is lawful and safe in their respective locations.<\/p>\n<!-- \/wp:paragraph -->\n\n<!-- wp:paragraph -->\n<p>We do not encourage or promote any violation of local laws or regulations. If accessing religious content may be restricted or could pose personal, legal, or other risks in your country, we strongly advise you not to continue using this website.<\/p>\n<!-- \/wp:paragraph --><\/blockquote>\n<!-- \/wp:quote -->","_en_post_name":"legal-use-notice","_en_post_excerpt":"","_en_post_title":"Legal &amp; Use Notice","_zh_post_content":"<!-- wp:paragraph -->\n<p>\u672c\u7f51\u7ad9\u662f\u4e00\u4e2a\u79c1\u4eba\u3001\u975e\u5546\u4e1a\u6027\u8d28\u7684\u9879\u76ee\uff0c\u7531\u4e24\u540d\u4e2a\u4eba\u5171\u540c\u7ef4\u62a4\uff0c\u5e76\u975e\u4efb\u4f55\u6ce8\u518c\u7ec4\u7ec7\u3001\u6559\u4f1a\u6216\u673a\u6784\u3002<\/p>\n<!-- \/wp:paragraph -->\n\n<!-- wp:paragraph -->\n<p>\u672c\u7f51\u7ad9\u6240\u53d1\u5e03\u7684\u5185\u5bb9\u53cd\u6620\u4e86\u4e24\u4f4d\u5973\u6027\u4e4b\u95f4\u7684\u4e2a\u4eba\u4ea4\u6d41\u2014\u2014\u4e00\u4f4d\u5c45\u4f4f\u5728\u667a\u5229\uff0c\u53e6\u4e00\u4f4d\u5c45\u4f4f\u5728\u4e2d\u534e\u4eba\u6c11\u5171\u548c\u56fd\u3002\u5979\u4eec\u5728\u4e2a\u4eba\u4ea4\u6d41\u7684\u80cc\u666f\u4e0b\uff0c\u5206\u4eab\u5e76\u8ba8\u8bba\u5723\u7ecf\u6587\u672c\u53ca\u76f8\u5173\u7684\u6587\u5316\u89c6\u89d2\u3002<\/p>\n<!-- \/wp:paragraph -->\n\n<!-- wp:paragraph -->\n<p>\u672c\u7f51\u7ad9\u5185\u5bb9\u4ec5\u7528\u4e8e\u4e00\u822c\u6027\u7684\u4fe1\u606f\u548c\u6587\u5316\u4ea4\u6d41\u76ee\u7684\uff0c\u4e0d\u6784\u6210\u53c2\u4e0e\u4efb\u4f55\u5b97\u6559\u6d3b\u52a8\u7684\u9080\u8bf7\uff0c\u4e5f\u4e0d\u65e8\u5728\u8fdb\u884c\u5b97\u6559\u4f20\u6559\u6216\u5b97\u6559\u6559\u80b2\u3002<\/p>\n<!-- \/wp:paragraph -->\n\n<!-- wp:paragraph -->\n<p>\u672c\u7f51\u7ad9\u5e76\u975e\u6709\u610f\u9762\u5411\u90a3\u4e9b\u5728\u6cd5\u5f8b\u4e0a\u5bf9\u5b97\u6559\u5185\u5bb9\u7684\u83b7\u53d6\u6216\u4f20\u64ad\u5b58\u5728\u9650\u5236\u7684\u56fd\u5bb6\u6216\u5730\u533a\u7684\u7528\u6237\u3002\u7528\u6237\u6709\u8d23\u4efb\u81ea\u884c\u786e\u8ba4\uff0c\u5728\u5176\u6240\u5728\u5730\u533a\u8bbf\u95ee\u672c\u7f51\u7ad9\u5185\u5bb9\u662f\u5426\u7b26\u5408\u6cd5\u5f8b\u89c4\u5b9a\u5e76\u4e14\u662f\u5b89\u5168\u7684\u3002<\/p>\n<!-- \/wp:paragraph -->\n\n<!-- wp:paragraph -->\n<p>\u6211\u4eec\u4e0d\u9f13\u52b1\u3001\u4e5f\u4e0d\u8981\u6c42\u4efb\u4f55\u4eba\u8fdd\u53cd\u5176\u6240\u5728\u5730\u7684\u6cd5\u5f8b\u6216\u76f8\u5173\u89c4\u5b9a\u3002\u5982\u679c\u5728\u60a8\u6240\u5728\u7684\u56fd\u5bb6\u6216\u5730\u533a\uff0c\u8bbf\u95ee\u5b97\u6559\u5185\u5bb9\u53ef\u80fd\u53d7\u5230\u9650\u5236\uff0c\u6216\u53ef\u80fd\u7ed9\u60a8\u5e26\u6765\u4e2a\u4eba\u3001\u6cd5\u5f8b\u6216\u5176\u4ed6\u65b9\u9762\u7684\u98ce\u9669\uff0c\u6211\u4eec\u5f3a\u70c8\u5efa\u8bae\u60a8\u505c\u6b62\u4f7f\u7528\u672c\u7f51\u7ad9\u3002<\/p>\n<!-- \/wp:paragraph -->","_zh_post_name":"","_zh_post_excerpt":"","_zh_post_title":"\u6cd5\u5f8b\u58f0\u660e \/ \u4f7f\u7528\u8bf4\u660e","_es_post_content":"<!-- wp:paragraph -->\n<p>Este sitio web es un proyecto privado y no comercial, gestionado por dos personas particulares, y no por una organizaci\u00f3n, iglesia o instituci\u00f3n registrada.<\/p>\n<!-- \/wp:paragraph -->\n\n<!-- wp:paragraph -->\n<p>Los contenidos publicados en este sitio reflejan conversaciones personales entre dos mujeres: una residente en Chile y la otra en la Rep\u00fablica Popular China. En el marco de este intercambio personal, comparten y dialogan sobre textos b\u00edblicos y perspectivas culturales relacionadas.<\/p>\n<!-- \/wp:paragraph -->\n\n<!-- wp:paragraph -->\n<p>El contenido se ofrece \u00fanicamente con fines informativos y de intercambio cultural general. No constituye una invitaci\u00f3n a participar en actividades religiosas, ni tiene como objetivo la evangelizaci\u00f3n ni la instrucci\u00f3n religiosa.<\/p>\n<!-- \/wp:paragraph -->\n\n<!-- wp:paragraph -->\n<p>Este sitio web no est\u00e1 dirigido de forma espec\u00edfica a personas que se encuentren en pa\u00edses o regiones donde el acceso a contenidos religiosos est\u00e9 sujeto a restricciones legales. Cada usuario es responsable de verificar si el acceso a este tipo de contenidos es legal y seguro seg\u00fan las leyes y normativas de su lugar de residencia.<\/p>\n<!-- \/wp:paragraph -->\n\n<!-- wp:paragraph -->\n<p>No fomentamos ni alentamos el incumplimiento de leyes o regulaciones locales. Si el acceso a contenidos religiosos est\u00e1 restringido en su pa\u00eds o podr\u00eda implicar riesgos personales, legales u otros, recomendamos encarecidamente abstenerse de utilizar este sitio web.<\/p>\n<!-- \/wp:paragraph -->","_es_post_name":"","_es_post_excerpt":"","_es_post_title":"Aviso legal \/ Nota de uso","_de_post_content":"<!-- wp:paragraph -->\n<p>Diese Website ist ein privates, nicht kommerzielles Projekt und wird von zwei Einzelpersonen betrieben, nicht von einer eingetragenen Organisation, Kirche oder Institution.<\/p>\n<!-- \/wp:paragraph -->\n\n<!-- wp:paragraph -->\n<p>Die auf dieser Website ver\u00f6ffentlichten Inhalte spiegeln pers\u00f6nliche Gespr\u00e4che zwischen zwei Frauen wider \u2013 eine mit Wohnsitz in Chile, die andere in der Volksrepublik China \u2013, die biblische Texte sowie damit verbundene kulturelle Perspektiven im Rahmen eines pers\u00f6nlichen Austauschs teilen und besprechen.<\/p>\n<!-- \/wp:paragraph -->\n\n<!-- wp:paragraph -->\n<p>Die Inhalte dienen ausschlie\u00dflich allgemeinen Informations- und kulturellen Zwecken. Sie stellen weder eine Einladung zur Teilnahme an religi\u00f6sen Aktivit\u00e4ten dar noch sind sie als missionarische Ansprache oder religi\u00f6se Unterweisung gedacht.<\/p>\n<!-- \/wp:paragraph -->\n\n<!-- wp:paragraph -->\n<p>Diese Website richtet sich nicht gezielt an Nutzerinnen und Nutzer in L\u00e4ndern oder Regionen, in denen der Zugang zu religi\u00f6sen Inhalten gesetzlichen Beschr\u00e4nkungen unterliegt. Nutzerinnen und Nutzer sind selbst daf\u00fcr verantwortlich zu pr\u00fcfen, ob der Zugriff auf solche Inhalte an ihrem jeweiligen Aufenthaltsort rechtlich zul\u00e4ssig und sicher ist.<\/p>\n<!-- \/wp:paragraph -->\n\n<!-- wp:paragraph -->\n<p>Wir fordern niemanden dazu auf und ermutigen niemanden, gegen lokale Gesetze oder Vorschriften zu versto\u00dfen. Wenn der Zugriff auf religi\u00f6se Inhalte in Ihrem Land eingeschr\u00e4nkt ist oder f\u00fcr Sie pers\u00f6nliche, rechtliche oder andere Risiken mit sich bringen k\u00f6nnte, empfehlen wir dringend, die Nutzung dieser Website nicht fortzusetzen.<\/p>\n<!-- \/wp:paragraph -->","_de_post_name":"","_de_post_excerpt":"","_de_post_title":"Rechtlicher Hinweis \/ Nutzungshinweis","_nb_post_content":"<!-- wp:paragraph -->\n<p>Dette nettstedet er et privat og ikke-kommersiellt prosjekt som drives av to enkeltpersoner, og ikke av en registrert organisasjon, kirke eller institusjon.<\/p>\n<!-- \/wp:paragraph -->\n\n<!-- wp:paragraph -->\n<p>Innholdet som publiseres p\u00e5 dette nettstedet gjenspeiler personlige samtaler mellom to kvinner \u2013 \u00e9n bosatt i Chile og \u00e9n bosatt i Folkerepublikken Kina. Innenfor rammen av denne personlige utvekslingen deler og dr\u00f8fter de bibelske tekster og tilh\u00f8rende kulturelle perspektiver.<\/p>\n<!-- \/wp:paragraph -->\n\n<!-- wp:paragraph -->\n<p>Innholdet er kun ment for generell informasjon og kulturell utveksling. Det utgj\u00f8r verken en invitasjon til \u00e5 delta i religi\u00f8se aktiviteter, eller er ment som misjon eller religi\u00f8s undervisning.<\/p>\n<!-- \/wp:paragraph -->\n\n<!-- wp:paragraph -->\n<p>Dette nettstedet er ikke spesifikt rettet mot brukere i land eller regioner der tilgangen til religi\u00f8st innhold er underlagt lovmessige begrensninger. Brukere er selv ansvarlige for \u00e5 vurdere om tilgang til slikt innhold er lovlig og trygt der de befinner seg.<\/p>\n<!-- \/wp:paragraph -->\n\n<!-- wp:paragraph -->\n<p>Vi oppfordrer ikke og tilskynder ingen til \u00e5 bryte lokale lover eller forskrifter. Dersom tilgang til religi\u00f8st innhold er begrenset i ditt land, eller kan inneb\u00e6re personlige, juridiske eller andre risikoer, anbefaler vi p\u00e5 det sterkeste \u00e5 avst\u00e5 fra \u00e5 bruke dette nettstedet.<\/p>\n<!-- \/wp:paragraph -->","_nb_post_name":"","_nb_post_excerpt":"","_nb_post_title":"Juridisk ansvarsfraskrivelse \/ Bruksinformasjon","edit_language":"zh","episode_type":"","audio_file":"","podmotor_file_id":"","podmotor_episode_id":"","cover_image":"","cover_image_id":"","duration":"","filesize":"","filesize_raw":"","date_recorded":"","explicit":"","block":"","iawp_total_views":23,"footnotes":""},"class_list":["post-1315","page","type-page","status-publish","hentry"],"_links":{"self":[{"href":"https:\/\/loveforasia.org\/zh\/wp-json\/wp\/v2\/pages\/1315","targetHints":{"allow":["GET"]}}],"collection":[{"href":"https:\/\/loveforasia.org\/zh\/wp-json\/wp\/v2\/pages"}],"about":[{"href":"https:\/\/loveforasia.org\/zh\/wp-json\/wp\/v2\/types\/page"}],"author":[{"embeddable":true,"href":"https:\/\/loveforasia.org\/zh\/wp-json\/wp\/v2\/users\/1"}],"replies":[{"embeddable":true,"href":"https:\/\/loveforasia.org\/zh\/wp-json\/wp\/v2\/comments?post=1315"}],"version-history":[{"count":1,"href":"https:\/\/loveforasia.org\/zh\/wp-json\/wp\/v2\/pages\/1315\/revisions"}],"predecessor-version":[{"id":1316,"href":"https:\/\/loveforasia.org\/zh\/wp-json\/wp\/v2\/pages\/1315\/revisions\/1316"}],"wp:attachment":[{"href":"https:\/\/loveforasia.org\/zh\/wp-json\/wp\/v2\/media?parent=1315"}],"curies":[{"name":"wp","href":"https:\/\/api.w.org\/{rel}","templated":true}]}}